{"id":2414,"date":"2018-01-10T16:08:33","date_gmt":"2018-01-10T21:08:33","guid":{"rendered":"https:\/\/vitalityleadershipgroup.com\/faq\/"},"modified":"2018-11-03T17:36:11","modified_gmt":"2018-11-03T21:36:11","slug":"questions-reponses","status":"publish","type":"page","link":"https:\/\/vitalityleadershipgroup.com\/fr\/questions-reponses\/","title":{"rendered":"Questions\/R\u00e9ponses"},"content":{"rendered":"\n<style type=\"text\/css\" data-created_by=\"avia_inline_auto\" id=\"style-css-av-av_section-e8d4008ce3d2a838d5e7a210042a84eb\">\n.avia-section.av-av_section-e8d4008ce3d2a838d5e7a210042a84eb{\nbackground-color:#00b1ce;\nbackground-image:unset;\n}\n<\/style>\n<div id='av_section_1'  class='avia-section av-av_section-e8d4008ce3d2a838d5e7a210042a84eb main_color avia-section-default avia-no-border-styling  avia-builder-el-0  el_before_av_section  avia-builder-el-first  avia-bg-style-scroll container_wrap fullsize'  ><div class='container av-section-cont-open' ><main  role=\"main\" itemprop=\"mainContentOfPage\"  class='template-page content  av-content-full alpha units'><div class='post-entry post-entry-type-page post-entry-2414'><div class='entry-content-wrapper clearfix'>\n\n<style type=\"text\/css\" data-created_by=\"avia_inline_auto\" id=\"style-css-av-av_heading-1df9e93d5fedb1b2a8577e28621c6f99\">\n#top .av-special-heading.av-av_heading-1df9e93d5fedb1b2a8577e28621c6f99{\npadding-bottom:10px;\ncolor:#ffffff;\n}\nbody .av-special-heading.av-av_heading-1df9e93d5fedb1b2a8577e28621c6f99 .av-special-heading-tag .heading-char{\nfont-size:25px;\n}\n.av-special-heading.av-av_heading-1df9e93d5fedb1b2a8577e28621c6f99 .special-heading-inner-border{\nborder-color:#ffffff;\n}\n.av-special-heading.av-av_heading-1df9e93d5fedb1b2a8577e28621c6f99 .av-subheading{\nfont-size:15px;\n}\n<\/style>\n<div  class='av-special-heading av-av_heading-1df9e93d5fedb1b2a8577e28621c6f99 av-special-heading-h1 custom-color-heading blockquote modern-quote  avia-builder-el-1  avia-builder-el-no-sibling '><h1 class='av-special-heading-tag '  itemprop=\"headline\"  >Questions\/R\u00e9ponses<\/h1><div class=\"special-heading-border\"><div class=\"special-heading-inner-border\"><\/div><\/div><\/div>\n\n<\/div><\/div><\/main><!-- close content main element --><\/div><\/div>\n<style type=\"text\/css\" data-created_by=\"avia_inline_auto\" id=\"style-css-av-av_section-b1e528c941cb518cfe779a1002906078\">\n.avia-section.av-av_section-b1e528c941cb518cfe779a1002906078{\nbackground-color:#ffffff;\nbackground-image:unset;\n}\n<\/style>\n<div id='av_section_2'  class='avia-section av-av_section-b1e528c941cb518cfe779a1002906078 main_color avia-section-default avia-no-shadow  avia-builder-el-2  el_after_av_section  el_before_av_section  avia-bg-style-scroll container_wrap fullsize'  ><div class='container av-section-cont-open' ><div class='template-page content  av-content-full alpha units'><div class='post-entry post-entry-type-page post-entry-2414'><div class='entry-content-wrapper clearfix'>\n\n<style type=\"text\/css\" data-created_by=\"avia_inline_auto\" id=\"style-css-av-av_one_full-6126cab7d8fab8d08143dd2dacdf673c\">\n.flex_column.av-av_one_full-6126cab7d8fab8d08143dd2dacdf673c{\nborder-radius:0px 0px 0px 0px;\npadding:0px 0px 0px 0px;\n}\n<\/style>\n<div  class='flex_column av-av_one_full-6126cab7d8fab8d08143dd2dacdf673c av_one_full  avia-builder-el-3  avia-builder-el-no-sibling  first flex_column_div av-zero-column-padding  '     ><section  class='av_textblock_section av-av_textblock-2bd894dbf2e4bf2c4acf98ce4fbf94aa '   itemscope=\"itemscope\" itemtype=\"https:\/\/schema.org\/CreativeWork\" ><div class='avia_textblock'  itemprop=\"text\" ><p>Si vous avez des questions ou des pr\u00e9occupations, n&rsquo;h\u00e9sitez pas \u00e0 <a href=\"https:\/\/vitalityleadershipgroup.com\/fr\/nous-joindre\/\">nous contacter<\/a> par courriel ou par t\u00e9l\u00e9phone et nous serons heureux de r\u00e9pondre \u00e0 vos questions.<\/p>\n<p>Veuillez lire les r\u00e9ponses ci-dessous afin de prendre la meilleure d\u00e9cision pour vous.<\/p>\n<\/div><\/section><\/div>\n\n<\/div><\/div><\/div><!-- close content main div --><\/div><\/div><div id='av_section_3'  class='avia-section av-av_section-31779286dc2676a8567fef3678c764df main_color avia-section-default avia-no-shadow  avia-builder-el-5  el_after_av_section  el_before_av_layout_row  avia-bg-style-scroll container_wrap fullsize'  ><div class='container av-section-cont-open' ><div class='template-page content  av-content-full alpha units'><div class='post-entry post-entry-type-page post-entry-2414'><div class='entry-content-wrapper clearfix'>\n\n<style type=\"text\/css\" data-created_by=\"avia_inline_auto\" id=\"style-css-av-av_one_full-6126cab7d8fab8d08143dd2dacdf673c\">\n.flex_column.av-av_one_full-6126cab7d8fab8d08143dd2dacdf673c{\nborder-radius:0px 0px 0px 0px;\npadding:0px 0px 0px 0px;\n}\n<\/style>\n<div  class='flex_column av-av_one_full-6126cab7d8fab8d08143dd2dacdf673c av_one_full  avia-builder-el-6  avia-builder-el-no-sibling  first flex_column_div av-zero-column-padding  '     ><section  class='av_textblock_section av-av_textblock-2bd894dbf2e4bf2c4acf98ce4fbf94aa '   itemscope=\"itemscope\" itemtype=\"https:\/\/schema.org\/CreativeWork\" ><div class='avia_textblock'  itemprop=\"text\" ><p><em><strong>Remarque\u00a0<\/strong>:\u00a0 Dans tous nos programmes, les r\u00e9sultats individuels peuvent varier.<\/em><\/p>\n<p><em><strong>Le programme Atteindre, les strat\u00e9gies de r\u00e9ussite de vie ou les programmes de coaching ne s&rsquo;adressent pas aux personnes en situation de crise ou dont l&rsquo;\u00e9tat de sant\u00e9 est instable. Veuillez d&rsquo;abord consulter un m\u00e9decin ou un professionnel de la sant\u00e9.<\/strong><\/em><\/p>\n<p>1.Vos programmes m&rsquo;int\u00e9ressent. Puis-je m&rsquo;inscrire si je fais pas partie de la g\u00e9n\u00e9ration X ?<\/p>\n<p>Oui et bienvenue !<\/p>\n<p>Bien que nous nous sp\u00e9cialisions dans la r\u00e9alit\u00e9 des personnes performantes de la g\u00e9n\u00e9ration X, nos programmes abordent la ma\u00eetrise du subconscient, ainsi que des strat\u00e9gies de r\u00e9flexion et de r\u00e9solution de probl\u00e8mes utiles pour les gens investis et talentueux, de toutes les g\u00e9n\u00e9rations, qui vivent des transitions de vie et veulent passer \u00e0 un niveau sup\u00e9rieur dans leur vie.<\/p>\n<p>2. Les programmes fonctionneront-ils pour moi ?<\/p>\n<p>Bien que nous utilisions des strat\u00e9gies de d\u00e9veloppement personnel qui ont fait leurs preuves et qui ont fonctionn\u00e9 pour de nombreuses personnes qui ont r\u00e9ussi, les r\u00e9sultats individuels peuvent varier.<\/p>\n<\/div><\/section><\/div><\/div><\/div><\/div><!-- close content main div --><\/div><\/div><div id='vitality-optin-download'  class='av-layout-grid-container av-av_layout_row-00c847683495c1f6ae013545ef29cff1 entry-content-wrapper main_color av-flex-cells  avia-builder-el-8  el_after_av_section  avia-builder-el-last  grid-row-not-first  container_wrap fullsize'  >\n\n<style type=\"text\/css\" data-created_by=\"avia_inline_auto\" id=\"style-css-av-av_cell_one_full-4b442c1fc3bc33fc43b0be577bf569ed\">\n.flex_cell.av-av_cell_one_full-4b442c1fc3bc33fc43b0be577bf569ed{\nvertical-align:top;\nbackground-color:#add3e3;\n}\n.responsive #top #wrap_all .flex_cell.av-av_cell_one_full-4b442c1fc3bc33fc43b0be577bf569ed{\npadding:0px 0px 0px 0px !important;\n}\n<\/style>\n<div class='flex_cell av-av_cell_one_full-4b442c1fc3bc33fc43b0be577bf569ed av-gridrow-cell av_one_full no_margin  avia-builder-el-9  avia-builder-el-no-sibling  content-align-top av-zero-padding'  ><div class='flex_cell_inner'><p><div class='flex_column_table av-av_two_fifth-7000ad229dabf9949b8d0210dc65bab4 sc-av_two_fifth av-equal-height-column-flextable'>\n<style type=\"text\/css\" data-created_by=\"avia_inline_auto\" id=\"style-css-av-av_two_fifth-7000ad229dabf9949b8d0210dc65bab4\">\n.flex_column.av-av_two_fifth-7000ad229dabf9949b8d0210dc65bab4{\nborder-radius:0px 0px 0px 0px;\npadding:100px 0 50px 0;\nbackground:url(https:\/\/vitalityleadershipgroup.com\/wp-content\/uploads\/2016\/11\/plage-e1478700961787-1024x689.jpg) 50% 50% no-repeat scroll ;\n}\n<\/style>\n<div  class='flex_column av-av_two_fifth-7000ad229dabf9949b8d0210dc65bab4 av_two_fifth  avia-builder-el-10  el_before_av_three_fifth  avia-builder-el-first  first no_margin flex_column_table_cell av-equal-height-column av-align-top avia-full-stretch  '     ><\/div>\n<style type=\"text\/css\" data-created_by=\"avia_inline_auto\" id=\"style-css-av-av_three_fifth-a8f9c8af5bf560045daffde446d66528\">\n.flex_column.av-av_three_fifth-a8f9c8af5bf560045daffde446d66528{\nborder-radius:0px 0px 0px 0px;\npadding:80px 80px 80px 80px;\n}\n<\/style>\n<div  class='flex_column av-av_three_fifth-a8f9c8af5bf560045daffde446d66528 av_three_fifth  avia-builder-el-11  el_after_av_two_fifth  avia-builder-el-last  no_margin flex_column_table_cell av-equal-height-column av-align-top  '     ><p>\n<style type=\"text\/css\" data-created_by=\"avia_inline_auto\" id=\"style-css-av-av_heading-aa63a4edd2b1cb15116426a0c47c4c4c\">\n#top .av-special-heading.av-av_heading-aa63a4edd2b1cb15116426a0c47c4c4c{\npadding-bottom:10px;\ncolor:#ffffff;\nfont-size:35px;\n}\nbody .av-special-heading.av-av_heading-aa63a4edd2b1cb15116426a0c47c4c4c .av-special-heading-tag .heading-char{\nfont-size:25px;\n}\n#top #wrap_all .av-special-heading.av-av_heading-aa63a4edd2b1cb15116426a0c47c4c4c .av-special-heading-tag{\nfont-size:35px;\n}\n.av-special-heading.av-av_heading-aa63a4edd2b1cb15116426a0c47c4c4c .special-heading-inner-border{\nborder-color:#ffffff;\n}\n.av-special-heading.av-av_heading-aa63a4edd2b1cb15116426a0c47c4c4c .av-subheading{\nfont-size:16px;\n}\n\n@media only screen and (min-width: 480px) and (max-width: 767px){ \n#top #wrap_all .av-special-heading.av-av_heading-aa63a4edd2b1cb15116426a0c47c4c4c .av-special-heading-tag{\nfont-size:0.8em;\n}\n}\n\n@media only screen and (max-width: 479px){ \n#top #wrap_all .av-special-heading.av-av_heading-aa63a4edd2b1cb15116426a0c47c4c4c .av-special-heading-tag{\nfont-size:0.8em;\n}\n}\n<\/style>\n<div  class='av-special-heading av-av_heading-aa63a4edd2b1cb15116426a0c47c4c4c av-special-heading-h3 custom-color-heading blockquote modern-quote modern-centered  avia-builder-el-12  el_before_av_button  avia-builder-el-first  av-inherit-size'><h3 class='av-special-heading-tag '  itemprop=\"headline\"  >ll est temps de vous cr\u00e9er une nouvelle vie plus significative<\/h3><div class='av_custom_color av-subheading av-subheading_below'><p>D\u00e9buter la transformation<\/p>\n<\/div><div class=\"special-heading-border\"><div class=\"special-heading-inner-border\"><\/div><\/div><\/div><br \/>\n<div  class='avia-button-wrap av-av_button-388e6faf8407b3171f234322998fc351-wrap avia-button-center  avia-builder-el-13  el_after_av_heading  el_before_av_textblock '><a href='#'  class='avia-button av-av_button-388e6faf8407b3171f234322998fc351 av-link-btn avia-icon_select-yes-right-icon avia-size-large avia-position-center avia-color-theme-color'   aria-label=\"Commencer\"><span class='avia_iconbox_title' >Commencer<\/span><span class='avia_button_icon avia_button_icon_right avia-iconfont avia-font-entypo-fontello' data-av_icon='\ue88d' data-av_iconfont='entypo-fontello' ><\/span><\/a><\/div><br \/>\n<section  class='av_textblock_section av-av_textblock-396ddf1f42196ca838231e61a4602801 '   itemscope=\"itemscope\" itemtype=\"https:\/\/schema.org\/CreativeWork\" ><div class='avia_textblock'  itemprop=\"text\" ><script type=\"text\/javascript\">\n\/* <![CDATA[ *\/\nvar gform;gform||(document.addEventListener(\"gform_main_scripts_loaded\",function(){gform.scriptsLoaded=!0}),document.addEventListener(\"gform\/theme\/scripts_loaded\",function(){gform.themeScriptsLoaded=!0}),window.addEventListener(\"DOMContentLoaded\",function(){gform.domLoaded=!0}),gform={domLoaded:!1,scriptsLoaded:!1,themeScriptsLoaded:!1,isFormEditor:()=>\"function\"==typeof InitializeEditor,callIfLoaded:function(o){return!(!gform.domLoaded||!gform.scriptsLoaded||!gform.themeScriptsLoaded&&!gform.isFormEditor()||(gform.isFormEditor()&&console.warn(\"The use of gform.initializeOnLoaded() is deprecated in the form editor context and will be removed in Gravity Forms 3.1.\"),o(),0))},initializeOnLoaded:function(o){gform.callIfLoaded(o)||(document.addEventListener(\"gform_main_scripts_loaded\",()=>{gform.scriptsLoaded=!0,gform.callIfLoaded(o)}),document.addEventListener(\"gform\/theme\/scripts_loaded\",()=>{gform.themeScriptsLoaded=!0,gform.callIfLoaded(o)}),window.addEventListener(\"DOMContentLoaded\",()=>{gform.domLoaded=!0,gform.callIfLoaded(o)}))},hooks:{action:{},filter:{}},addAction:function(o,r,e,t){gform.addHook(\"action\",o,r,e,t)},addFilter:function(o,r,e,t){gform.addHook(\"filter\",o,r,e,t)},doAction:function(o){gform.doHook(\"action\",o,arguments)},applyFilters:function(o){return gform.doHook(\"filter\",o,arguments)},removeAction:function(o,r){gform.removeHook(\"action\",o,r)},removeFilter:function(o,r,e){gform.removeHook(\"filter\",o,r,e)},addHook:function(o,r,e,t,n){null==gform.hooks[o][r]&&(gform.hooks[o][r]=[]);var d=gform.hooks[o][r];null==n&&(n=r+\"_\"+d.length),gform.hooks[o][r].push({tag:n,callable:e,priority:t=null==t?10:t})},doHook:function(r,o,e){var t;if(e=Array.prototype.slice.call(e,1),null!=gform.hooks[r][o]&&((o=gform.hooks[r][o]).sort(function(o,r){return o.priority-r.priority}),o.forEach(function(o){\"function\"!=typeof(t=o.callable)&&(t=window[t]),\"action\"==r?t.apply(null,e):e[0]=t.apply(null,e)})),\"filter\"==r)return e[0]},removeHook:function(o,r,t,n){var e;null!=gform.hooks[o][r]&&(e=(e=gform.hooks[o][r]).filter(function(o,r,e){return!!(null!=n&&n!=o.tag||null!=t&&t!=o.priority)}),gform.hooks[o][r]=e)}});\n\/* ]]> *\/\n<\/script>\n\n                <div class='gf_browser_gecko gform_wrapper gform_legacy_markup_wrapper gform-theme--no-framework form_wrapper with-placeholders_wrapper' data-form-theme='legacy' data-form-index='0' id='gform_wrapper_2' ><form method='post' enctype='multipart\/form-data' target='gform_ajax_frame_2' id='gform_2' class='form with-placeholders' action='\/fr\/wp-json\/wp\/v2\/pages\/2414' data-formid='2' novalidate>\n        <div id='gf_progressbar_wrapper_2' class='gf_progressbar_wrapper' data-start-at-zero=''>\n        \t<h3 class=\"gf_progressbar_title\">\u00c9tape <span class='gf_step_current_page'>1<\/span> de <span class='gf_step_page_count'>2<\/span><span class='gf_step_page_name'><\/span>\n        \t<\/h3>\n            <div class='gf_progressbar gf_progressbar_blue' aria-hidden='true'>\n                <div class='gf_progressbar_percentage percentbar_blue percentbar_50' style='width:50%;'><span>50%<\/span><\/div>\n            <\/div><\/div>\n                        <div class='gform-body gform_body'><div id='gform_page_2_1' class='gform_page ' data-js='page-field-id-0' >\n\t\t\t\t\t<div class='gform_page_fields'><ul id='gform_fields_2' class='gform_fields top_label form_sublabel_below description_below validation_below'><li id=\"field_2_4\" class=\"gfield gfield--type-honeypot gform_validation_container field_sublabel_below gfield--has-description field_description_below field_validation_below gfield_visibility_visible\"  ><label class='gfield_label gform-field-label' for='input_2_4'>Comments<\/label><div class='ginput_container'><input name='input_4' id='input_2_4' type='text' value='' autocomplete='new-password'\/><\/div><div class='gfield_description' id='gfield_description_2_4'>Ce champ n\u2019est utilis\u00e9 qu\u2019\u00e0 des fins de validation et devrait rester inchang\u00e9.<\/div><\/li><li id=\"field_2_1\" class=\"gfield gfield--type-text gfield_contains_required field_sublabel_below gfield--no-description field_description_below field_validation_below gfield_visibility_visible\"  ><label class='gfield_label gform-field-label' for='input_2_1'>First name<span class=\"gfield_required\"><span class=\"gfield_required gfield_required_asterisk\">*<\/span><\/span><\/label><div class='ginput_container ginput_container_text'><input name='input_1' id='input_2_1' type='text' value='' class='medium'   tabindex='1' placeholder='First name*' aria-required=\"true\" aria-invalid=\"false\"   \/><\/div><\/li><\/ul>\n                    <\/div>\n                    <div class='gform-page-footer gform_page_footer top_label'>\n                         <input type='button' id='gform_next_button_2_2' class='gform_next_button gform-theme-button button' onclick='gform.submission.handleButtonClick(this);' data-submission-type='next' value='Next' tabindex='2' \/> \n                    <\/div>\n                <\/div>\n                <div id='gform_page_2_2' class='gform_page' data-js='page-field-id-2' style='display:none;'>\n                    <div class='gform_page_fields'>\n                        <ul id='gform_fields_2_2' class='gform_fields top_label form_sublabel_below description_below validation_below'><li id=\"field_2_3\" class=\"gfield gfield--type-email gfield_contains_required field_sublabel_below gfield--no-description field_description_below field_validation_below gfield_visibility_visible\"  ><label class='gfield_label gform-field-label' for='input_2_3'>Email<span class=\"gfield_required\"><span class=\"gfield_required gfield_required_asterisk\">*<\/span><\/span><\/label><div class='ginput_container ginput_container_email'>\n                            <input name='input_3' id='input_2_3' type='email' value='' class='medium' tabindex='3'  placeholder='Email*' aria-required=\"true\" aria-invalid=\"false\"  \/>\n                        <\/div><\/li><\/ul><\/div>\n        <div class='gform-page-footer gform_page_footer top_label'><input type='submit' id='gform_previous_button_2' class='gform_previous_button gform-theme-button gform-theme-button--secondary button' onclick='gform.submission.handleButtonClick(this);' data-submission-type='previous' value='Previous' tabindex='4' \/> <input type='submit' id='gform_submit_button_2' class='gform_button button' onclick='gform.submission.handleButtonClick(this);' data-submission-type='submit' value='Submit' tabindex='5' \/> <input type='hidden' name='gform_ajax' value='form_id=2&amp;title=&amp;description=&amp;tabindex=1&amp;theme=legacy&amp;styles=[]&amp;hash=53ae5928f81aa2d8b8445dc12b6d0884' \/>\n            <input type='hidden' class='gform_hidden' name='gform_submission_method' data-js='gform_submission_method_2' value='iframe' \/>\n            <input type='hidden' class='gform_hidden' name='gform_theme' data-js='gform_theme_2' id='gform_theme_2' value='legacy' \/>\n            <input type='hidden' class='gform_hidden' name='gform_style_settings' data-js='gform_style_settings_2' id='gform_style_settings_2' value='[]' \/>\n            <input type='hidden' class='gform_hidden' name='is_submit_2' value='1' \/>\n            <input type='hidden' class='gform_hidden' name='gform_submit' value='2' \/>\n            \n            <input type='hidden' class='gform_hidden' name='gform_currency' data-currency='CAD' value='Llm3zX7jRhPKus1ot4Z0rdxB4cI2BB8eaWp5mwV9wdAG2kMra04umwAexIckWFJVPHGtN\/UppPC0A6NkGAyvLpu+mPT9PoiJLHjInnURMMVJa58=' \/>\n            <input type='hidden' class='gform_hidden' name='gform_unique_id' value='' \/>\n            <input type='hidden' class='gform_hidden' name='state_2' value='WyJbXSIsIjZkNGY5NzRlM2IwMDA5OGI1OTljMGU3NzI2ZGY2NDBjIl0=' \/>\n            <input type='hidden' autocomplete='off' class='gform_hidden' name='gform_target_page_number_2' id='gform_target_page_number_2' value='2' \/>\n            <input type='hidden' autocomplete='off' class='gform_hidden' name='gform_source_page_number_2' id='gform_source_page_number_2' value='1' \/>\n            <input type='hidden' name='gform_field_values' value='' \/>\n            \n        <\/div>\n             <\/div><\/div>\n                        <\/form>\n                        <\/div>\n\t\t                <iframe style='display:none;width:0px;height:0px;' src='about:blank' name='gform_ajax_frame_2' id='gform_ajax_frame_2' title='Cette iframe contient la logique n\u00e9cessaire pour manipuler Gravity Forms avec AJAX'><\/iframe>\n\t\t                <script type=\"text\/javascript\">\n\/* <![CDATA[ *\/\n gform.initializeOnLoaded( function() {gformInitSpinner( 2, 'https:\/\/vitalityleadershipgroup.com\/wp-content\/plugins\/gravityforms\/images\/spinner.svg', true );jQuery('#gform_ajax_frame_2').on('load',function(){var contents = jQuery(this).contents().find('*').html();var is_postback = contents.indexOf('GF_AJAX_POSTBACK') >= 0;if(!is_postback){return;}var form_content = jQuery(this).contents().find('#gform_wrapper_2');var is_confirmation = jQuery(this).contents().find('#gform_confirmation_wrapper_2').length > 0;var is_redirect = contents.indexOf('gformRedirect(){') >= 0;var is_form = form_content.length > 0 && ! is_redirect && ! is_confirmation;var mt = parseInt(jQuery('html').css('margin-top'), 10) + parseInt(jQuery('body').css('margin-top'), 10) + 100;if(is_form){jQuery('#gform_wrapper_2').html(form_content.html());if(form_content.hasClass('gform_validation_error')){jQuery('#gform_wrapper_2').addClass('gform_validation_error');} else {jQuery('#gform_wrapper_2').removeClass('gform_validation_error');}setTimeout( function() { \/* delay the scroll by 50 milliseconds to fix a bug in chrome *\/  }, 50 );if(window['gformInitDatepicker']) {gformInitDatepicker();}if(window['gformInitPriceFields']) {gformInitPriceFields();}var current_page = jQuery('#gform_source_page_number_2').val();gformInitSpinner( 2, 'https:\/\/vitalityleadershipgroup.com\/wp-content\/plugins\/gravityforms\/images\/spinner.svg', true );jQuery(document).trigger('gform_page_loaded', [2, current_page]);window['gf_submitting_2'] = false;}else if(!is_redirect){var confirmation_content = jQuery(this).contents().find('.GF_AJAX_POSTBACK').html();if(!confirmation_content){confirmation_content = contents;}jQuery('#gform_wrapper_2').replaceWith(confirmation_content);jQuery(document).trigger('gform_confirmation_loaded', [2]);window['gf_submitting_2'] = false;wp.a11y.speak(jQuery('#gform_confirmation_message_2').text());}else{jQuery('#gform_2').append(contents);if(window['gformRedirect']) {gformRedirect();}}jQuery(document).trigger(\"gform_pre_post_render\", [{ formId: \"2\", currentPage: \"current_page\", abort: function() { this.preventDefault(); } }]);        if (event && event.defaultPrevented) {                return;        }        const gformWrapperDiv = document.getElementById( \"gform_wrapper_2\" );        if ( gformWrapperDiv ) {            const visibilitySpan = document.createElement( \"span\" );            visibilitySpan.id = \"gform_visibility_test_2\";            gformWrapperDiv.insertAdjacentElement( \"afterend\", visibilitySpan );        }        const visibilityTestDiv = document.getElementById( \"gform_visibility_test_2\" );        let postRenderFired = false;        function triggerPostRender() {            if ( postRenderFired ) {                return;            }            postRenderFired = true;            gform.core.triggerPostRenderEvents( 2, current_page );            if ( visibilityTestDiv ) {                visibilityTestDiv.parentNode.removeChild( visibilityTestDiv );            }        }        function debounce( func, wait, immediate ) {            var timeout;            return function() {                var context = this, args = arguments;                var later = function() {                    timeout = null;                    if ( !immediate ) func.apply( context, args );                };                var callNow = immediate && !timeout;                clearTimeout( timeout );                timeout = setTimeout( later, wait );                if ( callNow ) func.apply( context, args );            };        }        const debouncedTriggerPostRender = debounce( function() {            triggerPostRender();        }, 200 );        if ( visibilityTestDiv && visibilityTestDiv.offsetParent === null ) {            const observer = new MutationObserver( ( mutations ) => {                mutations.forEach( ( mutation ) => {                    if ( mutation.type === 'attributes' && visibilityTestDiv.offsetParent !== null ) {                        debouncedTriggerPostRender();                        observer.disconnect();                    }                });            });            observer.observe( document.body, {                attributes: true,                childList: false,                subtree: true,                attributeFilter: [ 'style', 'class' ],            });        } else {            triggerPostRender();        }    } );} ); \n\/* ]]> *\/\n<\/script>\n\n<\/div><\/section><\/p><\/div><\/div><!--close column table wrapper. Autoclose: 1 --><\/p>\n<\/div><\/div>\n<\/div><\/p>\n","protected":false},"excerpt":{"rendered":"","protected":false},"author":5,"featured_media":0,"parent":0,"menu_order":17,"comment_status":"closed","ping_status":"closed","template":"","meta":{"_acf_changed":false,"_monsterinsights_skip_tracking":false,"_monsterinsights_sitenote_active":false,"_monsterinsights_sitenote_note":"","_monsterinsights_sitenote_category":0,"footnotes":""},"class_list":["post-2414","page","type-page","status-publish","hentry"],"acf":[],"_links":{"self":[{"href":"https:\/\/vitalityleadershipgroup.com\/fr\/wp-json\/wp\/v2\/pages\/2414","targetHints":{"allow":["GET"]}}],"collection":[{"href":"https:\/\/vitalityleadershipgroup.com\/fr\/wp-json\/wp\/v2\/pages"}],"about":[{"href":"https:\/\/vitalityleadershipgroup.com\/fr\/wp-json\/wp\/v2\/types\/page"}],"author":[{"embeddable":true,"href":"https:\/\/vitalityleadershipgroup.com\/fr\/wp-json\/wp\/v2\/users\/5"}],"replies":[{"embeddable":true,"href":"https:\/\/vitalityleadershipgroup.com\/fr\/wp-json\/wp\/v2\/comments?post=2414"}],"version-history":[{"count":3,"href":"https:\/\/vitalityleadershipgroup.com\/fr\/wp-json\/wp\/v2\/pages\/2414\/revisions"}],"predecessor-version":[{"id":2607,"href":"https:\/\/vitalityleadershipgroup.com\/fr\/wp-json\/wp\/v2\/pages\/2414\/revisions\/2607"}],"wp:attachment":[{"href":"https:\/\/vitalityleadershipgroup.com\/fr\/wp-json\/wp\/v2\/media?parent=2414"}],"curies":[{"name":"wp","href":"https:\/\/api.w.org\/{rel}","templated":true}]}}